{"id":370,"date":"2026-02-02T23:29:55","date_gmt":"2026-02-02T22:29:55","guid":{"rendered":"https:\/\/happyhens.be\/?post_type=product&#038;p=370"},"modified":"2026-02-02T23:31:31","modified_gmt":"2026-02-02T22:31:31","slug":"mandarines-ciaculli","status":"publish","type":"product","link":"https:\/\/happyhens.be\/index.php\/product\/mandarines-ciaculli\/","title":{"rendered":"Mandarines CIACULLI"},"content":{"rendered":"<p>Il s&#8217;agit d&#8217;un fruit au go\u00fbt frais et au parfum tr\u00e8s intense et agr\u00e9able qui fait penser \u00e0 un jardin fleuri.<br \/>\nLe tardif de Ciaculli tire son nom du fait d&#8217;\u00eatre justement le plus tardif parmi les mandarines et de son lieu d&#8217;origine, Ciaculli, dans la &#8220;conca d&#8217;oro&#8221; de Sicile, pr\u00e8s de Palerme.<br \/>\nIl est caract\u00e9ris\u00e9 par une peau fine qui se d\u00e9tache facilement, par un calibre moyen\/grand et par une composante aromatique exceptionnelle qui le rendent id\u00e9al pour la pr\u00e9paration de desserts, liqueurs et plats fantaisistes. Dans les ann\u00e9es quatre-vingt-dix, il est devenu un Presidio Slow Food.<br \/>\nP\u00e9riode de r\u00e9colte : entre la fin de F\u00c9VRIER et MARS<\/p>\n","protected":false},"excerpt":{"rendered":"<p>Il s&#8217;agit d&#8217;un fruit au go\u00fbt frais et au parfum tr\u00e8s intense et agr\u00e9able qui fait penser \u00e0 un jardin fleuri. Le tardif de Ciaculli tire son nom du fait d&#8217;\u00eatre justement le plus tardif parmi les mandarines et de son lieu d&#8217;origine, Ciaculli, dans la &#8220;conca d&#8217;oro&#8221; de Sicile, pr\u00e8s de Palerme. Il est &hellip; <\/p>\n<p class=\"link-more\"><a href=\"https:\/\/happyhens.be\/index.php\/product\/mandarines-ciaculli\/\" class=\"more-link\">Continue reading<span class=\"screen-reader-text\"> &#8220;Mandarines CIACULLI&#8221;<\/span><\/a><\/p>\n","protected":false},"featured_media":373,"template":"","meta":[],"product_brand":[],"product_cat":[46],"product_tag":[],"class_list":{"0":"post-370","1":"product","2":"type-product","3":"status-publish","4":"has-post-thumbnail","6":"product_cat-agrumes","8":"first","9":"instock","10":"shipping-taxable","11":"purchasable","12":"product-type-simple"},"_links":{"self":[{"href":"https:\/\/happyhens.be\/index.php\/wp-json\/wp\/v2\/product\/370","targetHints":{"allow":["GET"]}}],"collection":[{"href":"https:\/\/happyhens.be\/index.php\/wp-json\/wp\/v2\/product"}],"about":[{"href":"https:\/\/happyhens.be\/index.php\/wp-json\/wp\/v2\/types\/product"}],"wp:featuredmedia":[{"embeddable":true,"href":"https:\/\/happyhens.be\/index.php\/wp-json\/wp\/v2\/media\/373"}],"wp:attachment":[{"href":"https:\/\/happyhens.be\/index.php\/wp-json\/wp\/v2\/media?parent=370"}],"wp:term":[{"taxonomy":"product_brand","embeddable":true,"href":"https:\/\/happyhens.be\/index.php\/wp-json\/wp\/v2\/product_brand?post=370"},{"taxonomy":"product_cat","embeddable":true,"href":"https:\/\/happyhens.be\/index.php\/wp-json\/wp\/v2\/product_cat?post=370"},{"taxonomy":"product_tag","embeddable":true,"href":"https:\/\/happyhens.be\/index.php\/wp-json\/wp\/v2\/product_tag?post=370"}],"curies":[{"name":"wp","href":"https:\/\/api.w.org\/{rel}","templated":true}]}}