{"id":368,"date":"2026-02-02T23:15:39","date_gmt":"2026-02-02T22:15:39","guid":{"rendered":"https:\/\/happyhens.be\/?post_type=product&#038;p=368"},"modified":"2026-02-02T23:15:39","modified_gmt":"2026-02-02T22:15:39","slug":"oranges-navel","status":"publish","type":"product","link":"https:\/\/happyhens.be\/index.php\/product\/oranges-navel\/","title":{"rendered":"Oranges NAVEL"},"content":{"rendered":"<p>L\u2019orange Navel ouvre la saison des agrumes. C\u2019est une orange blonde (navel signifie nombril, parce qu\u2019elle pr\u00e9sente un fruit plus petit \u00e0 l\u2019int\u00e9rieur de sa propre chair). Elle a une saveur douce et agr\u00e9able. Il en existe beaucoup de sous-vari\u00e9t\u00e9s : Naveline, Newhall, Washington navel et les plus tardives Lane Late.<br \/>\nP\u00e9riode de r\u00e9colte : de NOVEMBRE \u00e0 AVRIL<\/p>\n","protected":false},"excerpt":{"rendered":"<p>L\u2019orange Navel ouvre la saison des agrumes. C\u2019est une orange blonde (navel signifie nombril, parce qu\u2019elle pr\u00e9sente un fruit plus petit \u00e0 l\u2019int\u00e9rieur de sa propre chair). Elle a une saveur douce et agr\u00e9able. Il en existe beaucoup de sous-vari\u00e9t\u00e9s : Naveline, Newhall, Washington navel et les plus tardives Lane Late. P\u00e9riode de r\u00e9colte : &hellip; <\/p>\n<p class=\"link-more\"><a href=\"https:\/\/happyhens.be\/index.php\/product\/oranges-navel\/\" class=\"more-link\">Continue reading<span class=\"screen-reader-text\"> &#8220;Oranges NAVEL&#8221;<\/span><\/a><\/p>\n","protected":false},"featured_media":369,"template":"","meta":[],"product_brand":[],"product_cat":[46],"product_tag":[],"class_list":{"0":"post-368","1":"product","2":"type-product","3":"status-publish","4":"has-post-thumbnail","6":"product_cat-agrumes","8":"first","9":"instock","10":"shipping-taxable","11":"purchasable","12":"product-type-simple"},"_links":{"self":[{"href":"https:\/\/happyhens.be\/index.php\/wp-json\/wp\/v2\/product\/368","targetHints":{"allow":["GET"]}}],"collection":[{"href":"https:\/\/happyhens.be\/index.php\/wp-json\/wp\/v2\/product"}],"about":[{"href":"https:\/\/happyhens.be\/index.php\/wp-json\/wp\/v2\/types\/product"}],"wp:featuredmedia":[{"embeddable":true,"href":"https:\/\/happyhens.be\/index.php\/wp-json\/wp\/v2\/media\/369"}],"wp:attachment":[{"href":"https:\/\/happyhens.be\/index.php\/wp-json\/wp\/v2\/media?parent=368"}],"wp:term":[{"taxonomy":"product_brand","embeddable":true,"href":"https:\/\/happyhens.be\/index.php\/wp-json\/wp\/v2\/product_brand?post=368"},{"taxonomy":"product_cat","embeddable":true,"href":"https:\/\/happyhens.be\/index.php\/wp-json\/wp\/v2\/product_cat?post=368"},{"taxonomy":"product_tag","embeddable":true,"href":"https:\/\/happyhens.be\/index.php\/wp-json\/wp\/v2\/product_tag?post=368"}],"curies":[{"name":"wp","href":"https:\/\/api.w.org\/{rel}","templated":true}]}}