{"id":364,"date":"2026-02-02T22:51:34","date_gmt":"2026-02-02T21:51:34","guid":{"rendered":"https:\/\/happyhens.be\/?post_type=product&#038;p=364"},"modified":"2026-02-02T22:59:19","modified_gmt":"2026-02-02T21:59:19","slug":"miel-doranger-500-g","status":"publish","type":"product","link":"https:\/\/happyhens.be\/index.php\/product\/miel-doranger-500-g\/","title":{"rendered":"Miel d&#8217;oranger- 500 g."},"content":{"rendered":"<p><strong><a href=\"https:\/\/happyhens.be\/wp-content\/uploads\/2026\/01\/BIO-BIO_2023_Miele-di-sideritis_500g.pdf\">Pour plus de d\u00e9tails sur le produit, cliquez ici.<\/a><\/strong><\/p>\n<p>Le Miel d&#8217;oranger est produit et conditionn\u00e9 par BIO BIO prodotti dell\u2019alveare d&#8217;Antonino Coco. Le miel est extrait des alv\u00e9oles \u00e0 temp\u00e9rature ambiante gr\u00e2ce \u00e0 une lente centrifugation, puis filtr\u00e9 et plac\u00e9 dans des r\u00e9cipients en inox mis \u00e0 d\u00e9canter. C&#8217;est un produit 100% biologique 100% sicilien.<br \/>\nZones de r\u00e9colte : Lentini &#8211; Siracusa.<br \/>\nCaract\u00e9ristiques physiques et organoleptiques : couleur claire,\u00a0 ar\u00f4me moyen.<br \/>\nConditionnement : pot en verre de 500 g.<br \/>\nIngr\u00e9dients : produit biologique \u00e0 ingr\u00e9dient unique sans ajout d&#8217;aucune substance<br \/>\ncomme l&#8217;exige la l\u00e9gislation nationale et le Codex Alimentarius.<br \/>\nOrigine des mati\u00e8res premi\u00e8res : 100% biologique, production BIO BIO.<br \/>\nMode de consommation : tel quel, au petit-d\u00e9jeuner, en association avec des<br \/>\nfromages, dans des confiseries et pour sucrer des boissons.<br \/>\nAdditifs : le produit est exempt d&#8217;additifs de quelque nature que ce soit.<br \/>\nAllerg\u00e8nes : Le produit ne contient pas d&#8217;allerg\u00e8nes.<br \/>\nM\u00e9thode de conservation : tenir \u00e9loign\u00e9 des sources de chaleur et conserver dans un endroit frais et sec.<\/p>\n<p>Nos produits \u00e9tant fabriqu\u00e9s de mani\u00e8re artisanale et en petites quantit\u00e9s, ils peuvent subir de l\u00e9gers changements dans la recette ou au niveau de l\u2019emballage. La photo est purement indicative et ne peut refl\u00e9ter toutes les caract\u00e9ristiques du produit.<br \/>\nPour davantage d&#8217;informations sur ce produit, faire d\u00e9filer la page vers le bas.<\/p>\n","protected":false},"excerpt":{"rendered":"<p>Pour plus de d\u00e9tails sur le produit, cliquez ici. Le Miel d&#8217;oranger est produit et conditionn\u00e9 par BIO BIO prodotti dell\u2019alveare d&#8217;Antonino Coco. Le miel est extrait des alv\u00e9oles \u00e0 temp\u00e9rature ambiante gr\u00e2ce \u00e0 une lente centrifugation, puis filtr\u00e9 et plac\u00e9 dans des r\u00e9cipients en inox mis \u00e0 d\u00e9canter. C&#8217;est un produit 100% biologique 100% &hellip; <\/p>\n<p class=\"link-more\"><a href=\"https:\/\/happyhens.be\/index.php\/product\/miel-doranger-500-g\/\" class=\"more-link\">Continue reading<span class=\"screen-reader-text\"> &#8220;Miel d&#8217;oranger- 500 g.&#8221;<\/span><\/a><\/p>\n","protected":false},"featured_media":323,"template":"","meta":[],"product_brand":[],"product_cat":[52],"product_tag":[],"class_list":{"0":"post-364","1":"product","2":"type-product","3":"status-publish","4":"has-post-thumbnail","6":"product_cat-miel-biscuits-et-chocolat","8":"first","9":"instock","10":"shipping-taxable","11":"purchasable","12":"product-type-simple"},"_links":{"self":[{"href":"https:\/\/happyhens.be\/index.php\/wp-json\/wp\/v2\/product\/364","targetHints":{"allow":["GET"]}}],"collection":[{"href":"https:\/\/happyhens.be\/index.php\/wp-json\/wp\/v2\/product"}],"about":[{"href":"https:\/\/happyhens.be\/index.php\/wp-json\/wp\/v2\/types\/product"}],"wp:featuredmedia":[{"embeddable":true,"href":"https:\/\/happyhens.be\/index.php\/wp-json\/wp\/v2\/media\/323"}],"wp:attachment":[{"href":"https:\/\/happyhens.be\/index.php\/wp-json\/wp\/v2\/media?parent=364"}],"wp:term":[{"taxonomy":"product_brand","embeddable":true,"href":"https:\/\/happyhens.be\/index.php\/wp-json\/wp\/v2\/product_brand?post=364"},{"taxonomy":"product_cat","embeddable":true,"href":"https:\/\/happyhens.be\/index.php\/wp-json\/wp\/v2\/product_cat?post=364"},{"taxonomy":"product_tag","embeddable":true,"href":"https:\/\/happyhens.be\/index.php\/wp-json\/wp\/v2\/product_tag?post=364"}],"curies":[{"name":"wp","href":"https:\/\/api.w.org\/{rel}","templated":true}]}}