{"id":325,"date":"2026-01-08T12:50:37","date_gmt":"2026-01-08T11:50:37","guid":{"rendered":"https:\/\/happyhens.be\/?post_type=product&#038;p=325"},"modified":"2026-01-08T13:00:42","modified_gmt":"2026-01-08T12:00:42","slug":"chocolat-de-modica-a-la-manne","status":"publish","type":"product","link":"https:\/\/happyhens.be\/index.php\/product\/chocolat-de-modica-a-la-manne\/","title":{"rendered":"Chocolat de Modica \u00e0 la manne"},"content":{"rendered":"<p><strong><a href=\"https:\/\/happyhens.be\/wp-content\/uploads\/2026\/01\/LAEQUA_2023_MANCHO-Cioccolata-con-manna-85-cacao-BIO_60g.pdf\">Pour plus de d\u00e9tails sur le produit, cliquez ici.<\/a><\/strong><\/p>\n<p>Le chocolat Mancho \u00e0 la manne cacao 85% bio est un produit de LAeQua Srls &#8211;<br \/>\nModica (RG). Produit bio, issu de l\u2019agriculture biologique conform\u00e9ment au Reg. CE<br \/>\n834\/2007.<br \/>\nPr\u00e9paration : transformation \u00e0 basse temp\u00e9rature (max 35 &#8211; 40\u00b0 C).<br \/>\nConditionnement : tablette de 60 g. Premier emballage : papier huil\u00e9 adapt\u00e9 au<br \/>\ncontact avec les aliments; Second emballage : papier cartonn\u00e9.<br \/>\nIngr\u00e9dients : p\u00e2te de cacao amer \u00b0*(85% min.), manne\u00b0 (10%), anis\u00b0 (4%),<br \/>\n\u00b0ingr\u00e9dients issus de l\u2019agriculture biologique *ingr\u00e9dients du commerce \u00e9quitable. Ne<br \/>\ncontient pas d\u2019organismes g\u00e9n\u00e9tiquement modifi\u00e9s ni de fragments d\u2019organismes<br \/>\ng\u00e9n\u00e9tiquement modifi\u00e9s dans les ingr\u00e9dients qui le composent.<br \/>\nOrigine des mati\u00e8res premi\u00e8res : voir tableau ci-dessous<br \/>\nAdditifs : le produit est exempt d\u2019additifs de toute nature.<br \/>\nAllerg\u00e8nes : peut contenir des traces de fruits \u00e0 coque et de s\u00e9same.<br \/>\nValeurs nutritionnelles : voir le tableau sur l\u2019\u00e9tiquette.<br \/>\nCaract\u00e9ristiques sensorielles :<br \/>\nAspect : brun fonc\u00e9 avec des reflets bruns, rustique, presque brut, d\u00fb \u00e0 la pr\u00e9sence<br \/>\nde cristaux de sucre de canne non dissous et de grains de manne.<br \/>\nAr\u00f4me : parfum raffin\u00e9 de cacao.<br \/>\nSaveur : go\u00fbt de cacao rond et persistant avec des notes d&#8217;anis tr\u00e8s am\u00e8res.<br \/>\nM\u00e9thode de conservation : conserver dans un endroit frais et sec et de pr\u00e9f\u00e9rence \u00e0<br \/>\nune temp\u00e9rature comprise entre 16 et 18\u00b0 C.<\/p>\n<p>&nbsp;<\/p>\n<p>Nos produits \u00e9tant fabriqu\u00e9s de mani\u00e8re artisanale et en petites quantit\u00e9s, ils peuvent subir de l\u00e9gers changements dans la recette ou au niveau de l\u2019emballage. La photo est purement indicative et ne peut refl\u00e9ter toutes les caract\u00e9ristiques du produit.<br \/>\nPour davantage d&#8217;informations sur ce produit, faire d\u00e9filer la page vers le bas.<\/p>\n","protected":false},"excerpt":{"rendered":"<h1>85% BIO &#8211; 60 g.<\/h1>\n","protected":false},"featured_media":326,"template":"","meta":[],"product_brand":[],"product_cat":[52],"product_tag":[],"class_list":{"0":"post-325","1":"product","2":"type-product","3":"status-publish","4":"has-post-thumbnail","6":"product_cat-miel-biscuits-et-chocolat","8":"first","9":"instock","10":"shipping-taxable","11":"purchasable","12":"product-type-simple"},"_links":{"self":[{"href":"https:\/\/happyhens.be\/index.php\/wp-json\/wp\/v2\/product\/325","targetHints":{"allow":["GET"]}}],"collection":[{"href":"https:\/\/happyhens.be\/index.php\/wp-json\/wp\/v2\/product"}],"about":[{"href":"https:\/\/happyhens.be\/index.php\/wp-json\/wp\/v2\/types\/product"}],"wp:featuredmedia":[{"embeddable":true,"href":"https:\/\/happyhens.be\/index.php\/wp-json\/wp\/v2\/media\/326"}],"wp:attachment":[{"href":"https:\/\/happyhens.be\/index.php\/wp-json\/wp\/v2\/media?parent=325"}],"wp:term":[{"taxonomy":"product_brand","embeddable":true,"href":"https:\/\/happyhens.be\/index.php\/wp-json\/wp\/v2\/product_brand?post=325"},{"taxonomy":"product_cat","embeddable":true,"href":"https:\/\/happyhens.be\/index.php\/wp-json\/wp\/v2\/product_cat?post=325"},{"taxonomy":"product_tag","embeddable":true,"href":"https:\/\/happyhens.be\/index.php\/wp-json\/wp\/v2\/product_tag?post=325"}],"curies":[{"name":"wp","href":"https:\/\/api.w.org\/{rel}","templated":true}]}}