{"id":312,"date":"2026-01-08T12:25:31","date_gmt":"2026-01-08T11:25:31","guid":{"rendered":"https:\/\/happyhens.be\/?post_type=product&#038;p=312"},"modified":"2026-01-08T12:26:37","modified_gmt":"2026-01-08T11:26:37","slug":"sauce-tomates-cerise","status":"publish","type":"product","link":"https:\/\/happyhens.be\/index.php\/product\/sauce-tomates-cerise\/","title":{"rendered":"Sauce tomates cerise"},"content":{"rendered":"<p><strong><a href=\"https:\/\/happyhens.be\/wp-content\/uploads\/2026\/01\/TERRAMATTA_2023_Salsa-di-Pomodoro-Ciliegino-Bio_360g.pdf\">Pour plus de d\u00e9tails sur le produit, cliquez ici.<\/a><\/strong><\/p>\n<p>La sauce de tomates cerise bio est produite et conditionn\u00e9e pour le compte de la<br \/>\ncoop\u00e9rative sociale Terramatta par le laboratoire de C. Da Coffa &#8211; Chiaramonte Gulfi<br \/>\n(RG). Produit bio.<br \/>\nConditionnement : bouteille en verre de 370 g.<br \/>\nIngr\u00e9dients : tomates cerises (96%), huile d\u2019olive extra vierge (2%), basilic frais (1%),<br \/>\nsel (1%).<br \/>\nOrigine des mati\u00e8res premi\u00e8res : toutes les mati\u00e8res premi\u00e8res sont issues de notre<br \/>\nproduction (Terramatta coop\u00e9rative sociale) et certifi\u00e9es bio.<br \/>\nAdditifs : ne contient aucun additif d\u2019aucune nature.<br \/>\nAllerg\u00e8nes : ne contient aucune substance allerg\u00e8ne. Pr\u00e9par\u00e9e dans un<br \/>\nlaboratoire pr\u00e9parant \u00e9galement des produits \u00e0 base de poisson, c\u00e9leri et<br \/>\nfruits \u00e0 coque.<br \/>\nValeur nutritionnelle : se reporter au tableau sur l\u2019\u00e9tiquette.<br \/>\nM\u00e9thode de conservation : conserver dans un endroit frais et sec et tenir \u00e9loign\u00e9 de<br \/>\nla lumi\u00e8re et de la chaleur. Apr\u00e8s ouverture, conserver au r\u00e9frig\u00e9rateur et<br \/>\nconsommer dans les 3 jours.<\/p>\n<p>&nbsp;<\/p>\n<p>Nos produits \u00e9tant fabriqu\u00e9s de mani\u00e8re artisanale et en petites quantit\u00e9s, ils peuvent subir de l\u00e9gers changements dans la recette ou au niveau de l\u2019emballage. La photo est purement indicative et ne peut refl\u00e9ter toutes les caract\u00e9ristiques du produit.<br \/>\nPour davantage d&#8217;informations sur ce produit, faire d\u00e9filer la page vers le bas.<\/p>\n","protected":false},"excerpt":{"rendered":"<h1>Bio &#8211; 360 g.<\/h1>\n","protected":false},"featured_media":314,"template":"","meta":[],"product_brand":[],"product_cat":[50],"product_tag":[],"class_list":{"0":"post-312","1":"product","2":"type-product","3":"status-publish","4":"has-post-thumbnail","6":"product_cat-produits-en-conserves","8":"first","9":"instock","10":"shipping-taxable","11":"purchasable","12":"product-type-simple"},"_links":{"self":[{"href":"https:\/\/happyhens.be\/index.php\/wp-json\/wp\/v2\/product\/312","targetHints":{"allow":["GET"]}}],"collection":[{"href":"https:\/\/happyhens.be\/index.php\/wp-json\/wp\/v2\/product"}],"about":[{"href":"https:\/\/happyhens.be\/index.php\/wp-json\/wp\/v2\/types\/product"}],"wp:featuredmedia":[{"embeddable":true,"href":"https:\/\/happyhens.be\/index.php\/wp-json\/wp\/v2\/media\/314"}],"wp:attachment":[{"href":"https:\/\/happyhens.be\/index.php\/wp-json\/wp\/v2\/media?parent=312"}],"wp:term":[{"taxonomy":"product_brand","embeddable":true,"href":"https:\/\/happyhens.be\/index.php\/wp-json\/wp\/v2\/product_brand?post=312"},{"taxonomy":"product_cat","embeddable":true,"href":"https:\/\/happyhens.be\/index.php\/wp-json\/wp\/v2\/product_cat?post=312"},{"taxonomy":"product_tag","embeddable":true,"href":"https:\/\/happyhens.be\/index.php\/wp-json\/wp\/v2\/product_tag?post=312"}],"curies":[{"name":"wp","href":"https:\/\/api.w.org\/{rel}","templated":true}]}}