{"id":307,"date":"2026-01-08T12:20:46","date_gmt":"2026-01-08T11:20:46","guid":{"rendered":"https:\/\/happyhens.be\/?post_type=product&#038;p=307"},"modified":"2026-01-08T12:21:45","modified_gmt":"2026-01-08T11:21:45","slug":"pure-creme-de-pistaches","status":"publish","type":"product","link":"https:\/\/happyhens.be\/index.php\/product\/pure-creme-de-pistaches\/","title":{"rendered":"Pure cr\u00e8me de pistaches"},"content":{"rendered":"<p><strong><a href=\"https:\/\/happyhens.be\/wp-content\/uploads\/2026\/01\/ALBERO-DEL-PARADISO_2023_Pasta-Bio-Di-Pistacchi-Siciliani_190g.pdf\">Pour plus de d\u00e9tails sur le produit, cliquez ici.<\/a><\/strong><\/p>\n<p>La pure cr\u00e8me de pistaches bio siciliennes est un produit obtenu par la torr\u00e9faction<br \/>\net l\u2019homog\u00e9n\u00e9isation des pistaches.<br \/>\nConditionnement : pot de 190 g.<br \/>\nIngr\u00e9dients : 100% PISTACHE sicilienne bio grill\u00e9e.<br \/>\nOrigine des mati\u00e8res premi\u00e8res : PISTACHE cultiv\u00e9e par un producteur membre de<br \/>\nPISTACIA ETNA BIO Soc. Coop Agricola.<br \/>\nAdditifs : le produit est exempt d\u2019additifs de toute nature.<br \/>\nAllerg\u00e8nes : PISTACHE. Peut contenir des traces d\u2019autres fruits \u00e0 coque.<br \/>\nValeurs nutritionnelles : voir tableau sur l\u2019\u00e9tiquette.<br \/>\nMode de consommation : \u00e0 consommer tel quel sur des cro\u00fbtons ou sur du pain.<br \/>\nPour les desserts : base pour la glace \u00e0 la pistache, vous pouvez l\u2019adoucir avec du<br \/>\nmiel ou autre, l\u2019utiliser pour les garnitures ou aromatiser les cr\u00e8mes p\u00e2tissi\u00e8res, etc.<br \/>\nPour le sal\u00e9 : \u00e0 rallonger avec de l\u2019huile d\u2019olive extra vierge, pour assaisonner les<br \/>\nsalades, les entr\u00e9es et les plats. Consommer de pr\u00e9f\u00e9rence \u00e0 une temp\u00e9rature de<br \/>\n20-25 \u00b0C.<br \/>\nM\u00e9thode de conservation : conserver dans un endroit frais et sec et loin des sources<br \/>\nde lumi\u00e8re et de chaleur. Une fois ouvert, conserver au r\u00e9frig\u00e9rateur en recouvrant le<br \/>\ncontenu d\u2019un peu d\u2019huile d\u2019olive.<br \/>\nRecettes :<br \/>\nPENNE \u00c0 LA PISTACHE &#8211; pour 1 personne<br \/>\n100 g de p\u00e2tes penne, une cuill\u00e8re \u00e0 caf\u00e9 de cr\u00e8me, huile d\u2019olive, oignon. Faire<br \/>\nrevenir l\u2019oignon dans l\u2019huile d\u2019olive extra vierge. \u00c0 feu doux, ajouter la cr\u00e8me de<br \/>\npistache, l\u2019huile d\u2019olive et de l\u2019eau de cuisson jusqu\u2019\u00e0 obtenir une sauce. Ajouter du<br \/>\nsel et des \u00e9pices \u00e0 votre go\u00fbt (par ex. gingembre et\/ou muscade). Sortir les penne al<br \/>\ndente et les faire sauter dans la sauce \u00e0 la pistache. Variante avec de la cr\u00e8me et\/ou<br \/>\ndu bacon : faire revenir le bacon avec l\u2019oignon, puis ajouter la cr\u00e8me de cuisson<br \/>\navec la pistache et l\u2019eau de cuisson pour obtenir une sauce.<br \/>\nSALADE DE TOMATES ET PISTACHES GRILL\u00c9ES<br \/>\nFaire fondre une cuill\u00e8re \u00e0 caf\u00e9 de cr\u00e8me de pistaches dans un verre avec un peu<br \/>\nd\u2019huile d\u2019olive extra vierge.<br \/>\nRemuer et ajouter un peu de sel \u00e0 votre go\u00fbt. Couper et saler les tomates dans un<br \/>\nsaladier, laisser reposer 10 minutes. Ajouter l\u2019assaisonnement et m\u00e9langer.<br \/>\nSALADE DE FRUITS FRAIS \u00c0 LA PISTACHE<br \/>\nChoisir des fruits frais de saison, ou des agrumes, car les fruits \u00e0 tendance acide se<br \/>\nmarient tr\u00e8s bien avec la pistache. Couper les en cubes et selon les fruits utilis\u00e9s<br \/>\najouter du jus de citron \u00e0 votre go\u00fbt. Faire fondre une cuill\u00e8re \u00e0 soupe de cr\u00e8me<br \/>\npistache avec un peu d\u2019huile d\u2019olive vierge extra et m\u00e9langer le tout. Votre petit<br \/>\nd\u00e9jeuner royal est pr\u00eat !<\/p>\n<p>&nbsp;<\/p>\n<p>Nos produits \u00e9tant fabriqu\u00e9s de mani\u00e8re artisanale et en petites quantit\u00e9s, ils peuvent subir de l\u00e9gers changements dans la recette ou au niveau de l\u2019emballage. La photo est purement indicative et ne peut refl\u00e9ter toutes les caract\u00e9ristiques du produit.<br \/>\nPour davantage d&#8217;informations sur ce produit, faire d\u00e9filer la page vers le bas.<\/p>\n","protected":false},"excerpt":{"rendered":"<p>Pour plus de d\u00e9tails sur le produit, cliquez ici. La pure cr\u00e8me de pistaches bio siciliennes est un produit obtenu par la torr\u00e9faction et l\u2019homog\u00e9n\u00e9isation des pistaches. Conditionnement : pot de 190 g. Ingr\u00e9dients : 100% PISTACHE sicilienne bio grill\u00e9e. Origine des mati\u00e8res premi\u00e8res : PISTACHE cultiv\u00e9e par un producteur membre de PISTACIA ETNA BIO &hellip; <\/p>\n<p class=\"link-more\"><a href=\"https:\/\/happyhens.be\/index.php\/product\/pure-creme-de-pistaches\/\" class=\"more-link\">Continue reading<span class=\"screen-reader-text\"> &#8220;Pure cr\u00e8me de pistaches&#8221;<\/span><\/a><\/p>\n","protected":false},"featured_media":308,"template":"","meta":[],"product_brand":[],"product_cat":[50],"product_tag":[],"class_list":{"0":"post-307","1":"product","2":"type-product","3":"status-publish","4":"has-post-thumbnail","6":"product_cat-produits-en-conserves","8":"first","9":"instock","10":"shipping-taxable","11":"purchasable","12":"product-type-variable"},"_links":{"self":[{"href":"https:\/\/happyhens.be\/index.php\/wp-json\/wp\/v2\/product\/307","targetHints":{"allow":["GET"]}}],"collection":[{"href":"https:\/\/happyhens.be\/index.php\/wp-json\/wp\/v2\/product"}],"about":[{"href":"https:\/\/happyhens.be\/index.php\/wp-json\/wp\/v2\/types\/product"}],"wp:featuredmedia":[{"embeddable":true,"href":"https:\/\/happyhens.be\/index.php\/wp-json\/wp\/v2\/media\/308"}],"wp:attachment":[{"href":"https:\/\/happyhens.be\/index.php\/wp-json\/wp\/v2\/media?parent=307"}],"wp:term":[{"taxonomy":"product_brand","embeddable":true,"href":"https:\/\/happyhens.be\/index.php\/wp-json\/wp\/v2\/product_brand?post=307"},{"taxonomy":"product_cat","embeddable":true,"href":"https:\/\/happyhens.be\/index.php\/wp-json\/wp\/v2\/product_cat?post=307"},{"taxonomy":"product_tag","embeddable":true,"href":"https:\/\/happyhens.be\/index.php\/wp-json\/wp\/v2\/product_tag?post=307"}],"curies":[{"name":"wp","href":"https:\/\/api.w.org\/{rel}","templated":true}]}}