{"id":280,"date":"2026-01-04T17:37:44","date_gmt":"2026-01-04T16:37:44","guid":{"rendered":"https:\/\/happyhens.be\/?post_type=product&#038;p=280"},"modified":"2026-01-04T17:49:52","modified_gmt":"2026-01-04T16:49:52","slug":"huile-dolives-nocellara","status":"publish","type":"product","link":"https:\/\/happyhens.be\/index.php\/product\/huile-dolives-nocellara\/","title":{"rendered":"Huile d&#8217;olives Nocellara"},"content":{"rendered":"<p>L\u2019huile d\u2019olive extra vierge bio &#8220;Nocellara Etna&#8221; est produite et mise en bouteille pour<br \/>\nla ferme Bioturistica Manfredi Grimaldi, par le pressoir Soal, strada Cavaliere<br \/>\nBosco,23-93038 Santa Maria di Licodia (CT). Huile d\u2019olive de cat\u00e9gorie sup\u00e9rieure<br \/>\nobtenue directement \u00e0 partir des olives et uniquement par proc\u00e9d\u00e9 m\u00e9canique,<br \/>\nextraite \u00e0 froid. Produit bio.<br \/>\nConditionnement : bidon de 3 L.<br \/>\nIngr\u00e9dients : olives biologiques Nocellara de l\u2019Etna.<br \/>\nOrigine des mati\u00e8res premi\u00e8res : olives de la production de la ferme Bioturistica<br \/>\nManfredi Grimaldi.<br \/>\nAdditifs : le produit est exempt d\u2019additifs de toute nature.<br \/>\nAllerg\u00e8nes : pas d\u2019allerg\u00e8nes.<br \/>\nValeurs nutritionnelles : voir tableau sur l\u2019\u00e9tiquette.<br \/>\nMode de consommation : id\u00e9al avec les soupes \u00e0 base de champignons, les viandes,<br \/>\nr\u00f4tis et l\u00e9gumes grill\u00e9s\u2026<br \/>\nM\u00e9thode de conservation : conserver dans un endroit frais et sec \u00e0 l\u2019abri de la lumi\u00e8re<br \/>\net des sources de chaleur.<\/p>\n<p>&nbsp;<\/p>\n<p>Nos produits \u00e9tant fabriqu\u00e9s de mani\u00e8re artisanale et en petites quantit\u00e9s, ils peuvent subir de l\u00e9gers changements dans la recette ou au niveau de l\u2019emballage. La photo est purement indicative et ne peut refl\u00e9ter toutes les caract\u00e9ristiques du produit.<br \/>\nPour davantage d&#8217;informations sur ce produit, faire d\u00e9filer la page vers le bas.<\/p>\n","protected":false},"excerpt":{"rendered":"<h1>extra vierge Bio Nocellara Etnea 2025- 3 L.<\/h1>\n","protected":false},"featured_media":281,"template":"","meta":[],"product_brand":[],"product_cat":[59],"product_tag":[],"class_list":{"0":"post-280","1":"product","2":"type-product","3":"status-publish","4":"has-post-thumbnail","6":"product_cat-huiles","8":"first","9":"instock","10":"shipping-taxable","11":"purchasable","12":"product-type-variable"},"_links":{"self":[{"href":"https:\/\/happyhens.be\/index.php\/wp-json\/wp\/v2\/product\/280","targetHints":{"allow":["GET"]}}],"collection":[{"href":"https:\/\/happyhens.be\/index.php\/wp-json\/wp\/v2\/product"}],"about":[{"href":"https:\/\/happyhens.be\/index.php\/wp-json\/wp\/v2\/types\/product"}],"wp:featuredmedia":[{"embeddable":true,"href":"https:\/\/happyhens.be\/index.php\/wp-json\/wp\/v2\/media\/281"}],"wp:attachment":[{"href":"https:\/\/happyhens.be\/index.php\/wp-json\/wp\/v2\/media?parent=280"}],"wp:term":[{"taxonomy":"product_brand","embeddable":true,"href":"https:\/\/happyhens.be\/index.php\/wp-json\/wp\/v2\/product_brand?post=280"},{"taxonomy":"product_cat","embeddable":true,"href":"https:\/\/happyhens.be\/index.php\/wp-json\/wp\/v2\/product_cat?post=280"},{"taxonomy":"product_tag","embeddable":true,"href":"https:\/\/happyhens.be\/index.php\/wp-json\/wp\/v2\/product_tag?post=280"}],"curies":[{"name":"wp","href":"https:\/\/api.w.org\/{rel}","templated":true}]}}