{"id":274,"date":"2026-01-04T17:27:22","date_gmt":"2026-01-04T16:27:22","guid":{"rendered":"https:\/\/happyhens.be\/?post_type=product&#038;p=274"},"modified":"2026-01-08T12:01:19","modified_gmt":"2026-01-08T11:01:19","slug":"noisettes-caramelisees","status":"publish","type":"product","link":"https:\/\/happyhens.be\/index.php\/product\/noisettes-caramelisees\/","title":{"rendered":"Noisettes caram\u00e9lis\u00e9es"},"content":{"rendered":"<p><strong><a href=\"https:\/\/happyhens.be\/wp-content\/uploads\/2026\/01\/SPRIGIONIAMO-SAPORI_2023_nocciole-caramellate_100g-1.pdf\">Pour plus de d\u00e9tails sur le produit, cliquez ici.<\/a><\/strong><\/p>\n<p>Les noisettes caram\u00e9lis\u00e9es sont produites et conditionn\u00e9es par la coop\u00e9rative<br \/>\nsociale Sprigioniamo Sapori SCS au sein de la prison de Raguse, via G. di Vittorio<br \/>\n26.<br \/>\nPr\u00e9paration : la pr\u00e9paration du produit se fait selon des m\u00e9thodes de production<br \/>\nartisanales. Les ingr\u00e9dients sont m\u00e9lang\u00e9s \u00e0 la main dans un pot en acier. Le<br \/>\ntraitement n\u00e9cessite une grande force dans les bras puisque le sucre est fondu \u00e0 feu<br \/>\ndoux avec les NOISETTES l\u00e9g\u00e8rement grill\u00e9es, enfin, le tout est vers\u00e9 sur une<br \/>\ngrande plaque de marbre, pr\u00eat \u00e0 \u00eatre emball\u00e9.<br \/>\nProduit bio.<br \/>\nCondtitionnement : sachet de 100 g.<br \/>\nIngr\u00e9dients : NOISETTES d\u00e9cortiqu\u00e9es 50%*, sucre de canne*, cannelle*,<br \/>\n(*ingr\u00e9dients issus de l\u2019agriculture biologique).<br \/>\nOrigine des mati\u00e8res premi\u00e8res : noisettes bio : Fratelli Caprino ; sucre de canne bio,<br \/>\ncannelle bio : Padovana Macinazione.<br \/>\nAllerg\u00e8nes : NOISETTES. Peut contenir des traces d\u2019autres FRUITS \u00c0 COQUE<br \/>\n(AMANDES et PISTACHES) et S\u00c9SAME.<br \/>\nAdditifs : le produit est exempt d\u2019additifs de toute nature.<br \/>\nValeurs nutritionnelles : voir le tableau sur l\u2019\u00e9tiquette.<br \/>\nM\u00e9thode de conservation : conserver le produit dans un environnement frais et sec.<br \/>\nMode de consommation : consommation directe.<\/p>\n<p>&nbsp;<\/p>\n<p>Nos produits \u00e9tant fabriqu\u00e9s de mani\u00e8re artisanale et en petites quantit\u00e9s, ils peuvent subir de l\u00e9gers changements dans la recette ou au niveau de l\u2019emballage. La photo est purement indicative et ne peut refl\u00e9ter toutes les caract\u00e9ristiques du produit.<br \/>\nPour davantage d&#8217;informations sur ce produit, faire d\u00e9filer la page vers le bas.<\/p>\n","protected":false},"excerpt":{"rendered":"<h1>100 g.<\/h1>\n","protected":false},"featured_media":276,"template":"","meta":[],"product_brand":[],"product_cat":[49],"product_tag":[],"class_list":{"0":"post-274","1":"product","2":"type-product","3":"status-publish","4":"has-post-thumbnail","6":"product_cat-fruits-secs","8":"first","9":"instock","10":"shipping-taxable","11":"purchasable","12":"product-type-variable"},"_links":{"self":[{"href":"https:\/\/happyhens.be\/index.php\/wp-json\/wp\/v2\/product\/274","targetHints":{"allow":["GET"]}}],"collection":[{"href":"https:\/\/happyhens.be\/index.php\/wp-json\/wp\/v2\/product"}],"about":[{"href":"https:\/\/happyhens.be\/index.php\/wp-json\/wp\/v2\/types\/product"}],"wp:featuredmedia":[{"embeddable":true,"href":"https:\/\/happyhens.be\/index.php\/wp-json\/wp\/v2\/media\/276"}],"wp:attachment":[{"href":"https:\/\/happyhens.be\/index.php\/wp-json\/wp\/v2\/media?parent=274"}],"wp:term":[{"taxonomy":"product_brand","embeddable":true,"href":"https:\/\/happyhens.be\/index.php\/wp-json\/wp\/v2\/product_brand?post=274"},{"taxonomy":"product_cat","embeddable":true,"href":"https:\/\/happyhens.be\/index.php\/wp-json\/wp\/v2\/product_cat?post=274"},{"taxonomy":"product_tag","embeddable":true,"href":"https:\/\/happyhens.be\/index.php\/wp-json\/wp\/v2\/product_tag?post=274"}],"curies":[{"name":"wp","href":"https:\/\/api.w.org\/{rel}","templated":true}]}}