{"id":272,"date":"2026-01-04T17:24:29","date_gmt":"2026-01-04T16:24:29","guid":{"rendered":"https:\/\/happyhens.be\/?post_type=product&#038;p=272"},"modified":"2026-01-08T11:50:26","modified_gmt":"2026-01-08T10:50:26","slug":"amandes-enrobees-de-chocolat-noir","status":"publish","type":"product","link":"https:\/\/happyhens.be\/index.php\/product\/amandes-enrobees-de-chocolat-noir\/","title":{"rendered":"Amandes enrob\u00e9es de chocolat noir"},"content":{"rendered":"<p><strong><a href=\"https:\/\/happyhens.be\/wp-content\/uploads\/2026\/01\/LARCOLAIO_2023_-Mandorle-ricoperte-di-cioccolato_100-1.pdf\">Pour plus de d\u00e9tails sur le produit, cliquez ici.<\/a><\/strong><\/p>\n<p>Les amandes enrob\u00e9es de chocolat bio sont produites par la coop\u00e9rative sociale<br \/>\nL\u2019Arcolaio, au sein du laboratoire de la prison de Syracuse.<br \/>\nCe produit est le r\u00e9sultat de la recherche d\u2019un \u00e9quilibre parfait entre les meilleures<br \/>\namandes siciliennes et le chocolat noir du commerce \u00e9quitable.<br \/>\nUne gourmandise authentique, sans gluten et sans lactose, \u00e0 savourer avec qui<br \/>\nvous voudrez.<br \/>\nConditionnement : sachet de 100 g.<br \/>\nIngr\u00e9dients : chocolat extra noir 67%* (p\u00e2te de cacao*, sucre de canne*\u00b0, beurre de<br \/>\ncacao*, \u00e9mulsifiant : l\u00e9cithine de soja* extrait de vanille*), AMANDES*. Cacao<br \/>\nminimum dans le chocolat : 60%. *issu de l\u2019agriculture biologique \u00b0ingr\u00e9dient du<br \/>\ncommerce \u00e9quitable.<br \/>\nOrigine des mati\u00e8res premi\u00e8res : AMANDES : Sicile, sucre : Am\u00e9rique Latine.<br \/>\nAdditifs : \u00e9mulsifiant : l\u00e9cithine de soja*.<br \/>\nAllerg\u00e8nes : AMANDES. Peut contenir des traces de s\u00e9same, d\u2019\u0153ufs et d\u2019autres<br \/>\nfruits \u00e0 coque.<br \/>\nValeurs nutritionnelles : voir le tableau sur l\u2019\u00e9tiquette.<br \/>\nM\u00e9thode de conservation : conserver dans un endroit frais et sec.<\/p>\n<p>&nbsp;<\/p>\n<p>&nbsp;<\/p>\n<p>Nos produits \u00e9tant fabriqu\u00e9s de mani\u00e8re artisanale et en petites quantit\u00e9s, ils peuvent subir de l\u00e9gers changements dans la recette ou au niveau de l\u2019emballage. La photo est purement indicative et ne peut refl\u00e9ter toutes les caract\u00e9ristiques du produit.<br \/>\nPour davantage d&#8217;informations sur ce produit, faire d\u00e9filer la page vers le bas.<\/p>\n","protected":false},"excerpt":{"rendered":"<h1>100 g.<\/h1>\n","protected":false},"featured_media":273,"template":"","meta":[],"product_brand":[],"product_cat":[49],"product_tag":[],"class_list":{"0":"post-272","1":"product","2":"type-product","3":"status-publish","4":"has-post-thumbnail","6":"product_cat-fruits-secs","8":"first","9":"instock","10":"shipping-taxable","11":"product-type-simple"},"_links":{"self":[{"href":"https:\/\/happyhens.be\/index.php\/wp-json\/wp\/v2\/product\/272","targetHints":{"allow":["GET"]}}],"collection":[{"href":"https:\/\/happyhens.be\/index.php\/wp-json\/wp\/v2\/product"}],"about":[{"href":"https:\/\/happyhens.be\/index.php\/wp-json\/wp\/v2\/types\/product"}],"wp:featuredmedia":[{"embeddable":true,"href":"https:\/\/happyhens.be\/index.php\/wp-json\/wp\/v2\/media\/273"}],"wp:attachment":[{"href":"https:\/\/happyhens.be\/index.php\/wp-json\/wp\/v2\/media?parent=272"}],"wp:term":[{"taxonomy":"product_brand","embeddable":true,"href":"https:\/\/happyhens.be\/index.php\/wp-json\/wp\/v2\/product_brand?post=272"},{"taxonomy":"product_cat","embeddable":true,"href":"https:\/\/happyhens.be\/index.php\/wp-json\/wp\/v2\/product_cat?post=272"},{"taxonomy":"product_tag","embeddable":true,"href":"https:\/\/happyhens.be\/index.php\/wp-json\/wp\/v2\/product_tag?post=272"}],"curies":[{"name":"wp","href":"https:\/\/api.w.org\/{rel}","templated":true}]}}