{"id":265,"date":"2026-01-04T17:18:22","date_gmt":"2026-01-04T16:18:22","guid":{"rendered":"https:\/\/happyhens.be\/?post_type=product&#038;p=265"},"modified":"2026-01-08T11:54:05","modified_gmt":"2026-01-08T10:54:05","slug":"amandes-grillees-et-salees","status":"publish","type":"product","link":"https:\/\/happyhens.be\/index.php\/product\/amandes-grillees-et-salees\/","title":{"rendered":"Amandes grill\u00e9es et sal\u00e9es"},"content":{"rendered":"<p><strong><a href=\"https:\/\/happyhens.be\/wp-content\/uploads\/2026\/01\/LARCOLAIO_2023_-Mandorle-di-Sicilia-tostate-salate_100g-1.pdf\">Pour plus de d\u00e9tails sur le produit, cliquez ici.<\/a><\/strong><\/p>\n<p>&nbsp;<\/p>\n<p>Les Amandes siciliennes grill\u00e9es et sal\u00e9es sont produites par la coop\u00e9rative sociale<br \/>\nL\u2019Arcolaio, au sein du laboratoire de la prison de Syracuse.<br \/>\nElles sont tr\u00e8s appr\u00e9ci\u00e9es pour la douceur et l\u2019ar\u00f4me intense qui les caract\u00e9rise.<br \/>\nLes amandes sont grill\u00e9es pour atteindre le croquant id\u00e9al et sont une collation<br \/>\nauthentique et d\u00e9licieuse \u00e0 d\u00e9guster \u00e0 tout moment de la journ\u00e9e. Les amandes<br \/>\ngrill\u00e9es Dolci Evasioni ont remport\u00e9 le prix du jury Award du meilleur &#8220;Fruits<br \/>\nsecs\/grill\u00e9s&#8221; de l\u2019ann\u00e9e aux \u201cInternational Taste Awards 2020\u201d.<br \/>\nConditionnement : sachet de 100 g.<br \/>\nIngr\u00e9dients : AMANDES de l\u2019agriculture biologique, sel.<br \/>\nOrigine des mati\u00e8res premi\u00e8res : AMANDES : Sicile.<br \/>\nMode de consommation : tel quel comme collation.<br \/>\nAdditifs : aucun.<br \/>\nAllerg\u00e8nes : AMANDES. Peut contenir des traces de s\u00e9same, d\u2019\u0153ufs et d\u2019autres<br \/>\nfruits \u00e0 coque.<br \/>\nValeurs nutritionnelles : voir \u00e9tiquette.<br \/>\nM\u00e9thode de conservation : conserver dans un endroit frais et sec<\/p>\n<p>&nbsp;<\/p>\n<p>Nos produits \u00e9tant fabriqu\u00e9s de mani\u00e8re artisanale et en petites quantit\u00e9s, ils peuvent subir de l\u00e9gers changements dans la recette ou au niveau de l\u2019emballage. La photo est purement indicative et ne peut refl\u00e9ter toutes les caract\u00e9ristiques du produit.<br \/>\nPour davantage d&#8217;informations sur ce produit, faire d\u00e9filer la page vers le bas.<\/p>\n","protected":false},"excerpt":{"rendered":"<h1>siciliennes grill\u00e9es et sal\u00e9es &#8211; sachet sous-vide 100 g.<\/h1>\n","protected":false},"featured_media":266,"template":"","meta":[],"product_brand":[],"product_cat":[49],"product_tag":[],"class_list":{"0":"post-265","1":"product","2":"type-product","3":"status-publish","4":"has-post-thumbnail","6":"product_cat-fruits-secs","8":"first","9":"instock","10":"shipping-taxable","11":"purchasable","12":"product-type-variable"},"_links":{"self":[{"href":"https:\/\/happyhens.be\/index.php\/wp-json\/wp\/v2\/product\/265","targetHints":{"allow":["GET"]}}],"collection":[{"href":"https:\/\/happyhens.be\/index.php\/wp-json\/wp\/v2\/product"}],"about":[{"href":"https:\/\/happyhens.be\/index.php\/wp-json\/wp\/v2\/types\/product"}],"wp:featuredmedia":[{"embeddable":true,"href":"https:\/\/happyhens.be\/index.php\/wp-json\/wp\/v2\/media\/266"}],"wp:attachment":[{"href":"https:\/\/happyhens.be\/index.php\/wp-json\/wp\/v2\/media?parent=265"}],"wp:term":[{"taxonomy":"product_brand","embeddable":true,"href":"https:\/\/happyhens.be\/index.php\/wp-json\/wp\/v2\/product_brand?post=265"},{"taxonomy":"product_cat","embeddable":true,"href":"https:\/\/happyhens.be\/index.php\/wp-json\/wp\/v2\/product_cat?post=265"},{"taxonomy":"product_tag","embeddable":true,"href":"https:\/\/happyhens.be\/index.php\/wp-json\/wp\/v2\/product_tag?post=265"}],"curies":[{"name":"wp","href":"https:\/\/api.w.org\/{rel}","templated":true}]}}