{"id":262,"date":"2026-01-04T17:10:25","date_gmt":"2026-01-04T16:10:25","guid":{"rendered":"https:\/\/happyhens.be\/?post_type=product&#038;p=262"},"modified":"2026-01-08T11:59:14","modified_gmt":"2026-01-08T10:59:14","slug":"amandes-sans_peau","status":"publish","type":"product","link":"https:\/\/happyhens.be\/index.php\/product\/amandes-sans_peau\/","title":{"rendered":"Amandes sans peau"},"content":{"rendered":"<p><strong><a href=\"https:\/\/happyhens.be\/wp-content\/uploads\/2026\/01\/LARCOLAIO_2023_-Mandorle-di-Sicilia-pelate_1Kg-1.pdf\">Pour plus de d\u00e9tails sur le produit, cliquez ici.<\/a><\/strong><\/p>\n<p>Les amandes siciliennes \u00e9mond\u00e9es sont produites par la coop\u00e9rative sociale<br \/>\nL\u2019Arcolaio au sein du laboratoire de la prison de Syracuse.<br \/>\nElles sont tr\u00e8s appr\u00e9ci\u00e9es pour la douceur et l\u2019ar\u00f4me intense qui les caract\u00e9rise. Le<br \/>\nprocessus de pelage est simple et naturel : les amandes d\u00e9cortiqu\u00e9es sont tremp\u00e9es<br \/>\ndans de l&#8217;eau chaude et priv\u00e9es de la fine pellicule qui les recouvre.<br \/>\nLes amandes \u00e9mond\u00e9es Dolci Evasioni constituent un en-cas irr\u00e9sistible et un<br \/>\ningr\u00e9dient pour vos recettes aussi bien sucr\u00e9es que sal\u00e9es.<br \/>\nConditionnement : sachet de 1 kg.<br \/>\nIngr\u00e9dients : AMANDES de l\u2019agriculture biologique.<br \/>\nOrigine des mati\u00e8res premi\u00e8res : AMANDES : Sicile.<br \/>\nAdditifs : le produit est exempt d\u2019additifs de toute nature.<br \/>\nAllerg\u00e8nes : AMANDES. Peut contenir des traces de s\u00e9same, d\u2019\u0153ufs et d\u2019autres<br \/>\nfruits \u00e0 coque.<br \/>\nValeurs nutritionnelles : voir le tableau sur l\u2019\u00e9tiquette.<br \/>\nM\u00e9thode de conservation : conserver dans un endroit frais et sec.<\/p>\n<p>&nbsp;<\/p>\n<p>Nos produits \u00e9tant fabriqu\u00e9s de mani\u00e8re artisanale et en petites quantit\u00e9s, ils peuvent subir de l\u00e9gers changements dans la recette ou au niveau de l\u2019emballage. La photo est purement indicative et ne peut refl\u00e9ter toutes les caract\u00e9ristiques du produit.<br \/>\nPour davantage d&#8217;informations sur ce produit, faire d\u00e9filer la page vers le bas.<\/p>\n","protected":false},"excerpt":{"rendered":"<h1>siciliennes \u00e9mond\u00e9es, sans peau &#8211; sachet sous-vide 1kg.<\/h1>\n","protected":false},"featured_media":264,"template":"","meta":[],"product_brand":[],"product_cat":[49],"product_tag":[],"class_list":{"0":"post-262","1":"product","2":"type-product","3":"status-publish","4":"has-post-thumbnail","6":"product_cat-fruits-secs","8":"first","9":"instock","10":"shipping-taxable","11":"purchasable","12":"product-type-variable"},"_links":{"self":[{"href":"https:\/\/happyhens.be\/index.php\/wp-json\/wp\/v2\/product\/262","targetHints":{"allow":["GET"]}}],"collection":[{"href":"https:\/\/happyhens.be\/index.php\/wp-json\/wp\/v2\/product"}],"about":[{"href":"https:\/\/happyhens.be\/index.php\/wp-json\/wp\/v2\/types\/product"}],"wp:featuredmedia":[{"embeddable":true,"href":"https:\/\/happyhens.be\/index.php\/wp-json\/wp\/v2\/media\/264"}],"wp:attachment":[{"href":"https:\/\/happyhens.be\/index.php\/wp-json\/wp\/v2\/media?parent=262"}],"wp:term":[{"taxonomy":"product_brand","embeddable":true,"href":"https:\/\/happyhens.be\/index.php\/wp-json\/wp\/v2\/product_brand?post=262"},{"taxonomy":"product_cat","embeddable":true,"href":"https:\/\/happyhens.be\/index.php\/wp-json\/wp\/v2\/product_cat?post=262"},{"taxonomy":"product_tag","embeddable":true,"href":"https:\/\/happyhens.be\/index.php\/wp-json\/wp\/v2\/product_tag?post=262"}],"curies":[{"name":"wp","href":"https:\/\/api.w.org\/{rel}","templated":true}]}}