{"id":259,"date":"2026-01-04T17:09:54","date_gmt":"2026-01-04T16:09:54","guid":{"rendered":"https:\/\/happyhens.be\/?post_type=product&#038;p=259"},"modified":"2026-01-08T11:56:27","modified_gmt":"2026-01-08T10:56:27","slug":"amande_sans_coquille","status":"publish","type":"product","link":"https:\/\/happyhens.be\/index.php\/product\/amande_sans_coquille\/","title":{"rendered":"Amandes sans coquille"},"content":{"rendered":"<p><strong><a href=\"https:\/\/happyhens.be\/wp-content\/uploads\/2026\/01\/LARCOLAIO_2023_-Mandorle-di-Sicilia-sgusciate_1Kg-1.pdf\">Pour plus de d\u00e9tails sur le produit, cliquez ici.<\/a><\/strong><\/p>\n<p>Les amandes siciliennes d\u00e9cortiqu\u00e9es sont produites par la coop\u00e9rative sociale<br \/>\nL\u2019Arcolaio, au sein du laboratoire de la prison de Syracuse.<br \/>\nLes amandes siciliennes sont tr\u00e8s appr\u00e9ci\u00e9es pour la douceur et l\u2019ar\u00f4me intense qui<br \/>\nles caract\u00e9rise. L\u2019Arcolaio s\u00e9lectionne les meilleures amandes de Sicile bio<br \/>\nd\u00e9cortiqu\u00e9es et les conditionne, pour vous garantir toutes les propri\u00e9t\u00e9s et les<br \/>\nbienfaits de ce fruit d\u00e9licieux.<br \/>\nConditionnement : sachet de 1 kg.<br \/>\nIngr\u00e9dients : AMANDES de l\u2019agriculture biologique.<br \/>\nOrigine des mati\u00e8res premi\u00e8res : AMANDES : Sicile.<br \/>\nAdditifs : le produit est exempt d\u2019additifs de toute nature.<br \/>\nAllerg\u00e8nes : AMANDES. Peut contenir des traces de s\u00e9same, d\u2019\u0153ufs et d\u2019autres<br \/>\nfruits \u00e0 coque.<br \/>\nValeurs nutritionnelles : voir le tableau sur l\u2019\u00e9tiquette.<br \/>\nMode de conservation : conserver dans un endroit frais et sec.<\/p>\n<p>&nbsp;<\/p>\n<p>Nos produits \u00e9tant fabriqu\u00e9s de mani\u00e8re artisanale et en petites quantit\u00e9s, ils peuvent subir de l\u00e9gers changements dans la recette ou au niveau de l\u2019emballage. La photo est purement indicative et ne peut refl\u00e9ter toutes les caract\u00e9ristiques du produit.<br \/>\nPour davantage d&#8217;informations sur ce produit, faire d\u00e9filer la page vers le bas.<\/p>\n","protected":false},"excerpt":{"rendered":"<h1>siciliennes d\u00e9cortiqu\u00e9es, sachet sous-vide 1 kg.<\/h1>\n","protected":false},"featured_media":260,"template":"","meta":[],"product_brand":[],"product_cat":[49],"product_tag":[],"class_list":{"0":"post-259","1":"product","2":"type-product","3":"status-publish","4":"has-post-thumbnail","6":"product_cat-fruits-secs","8":"first","9":"instock","10":"shipping-taxable","11":"purchasable","12":"product-type-variable"},"_links":{"self":[{"href":"https:\/\/happyhens.be\/index.php\/wp-json\/wp\/v2\/product\/259","targetHints":{"allow":["GET"]}}],"collection":[{"href":"https:\/\/happyhens.be\/index.php\/wp-json\/wp\/v2\/product"}],"about":[{"href":"https:\/\/happyhens.be\/index.php\/wp-json\/wp\/v2\/types\/product"}],"wp:featuredmedia":[{"embeddable":true,"href":"https:\/\/happyhens.be\/index.php\/wp-json\/wp\/v2\/media\/260"}],"wp:attachment":[{"href":"https:\/\/happyhens.be\/index.php\/wp-json\/wp\/v2\/media?parent=259"}],"wp:term":[{"taxonomy":"product_brand","embeddable":true,"href":"https:\/\/happyhens.be\/index.php\/wp-json\/wp\/v2\/product_brand?post=259"},{"taxonomy":"product_cat","embeddable":true,"href":"https:\/\/happyhens.be\/index.php\/wp-json\/wp\/v2\/product_cat?post=259"},{"taxonomy":"product_tag","embeddable":true,"href":"https:\/\/happyhens.be\/index.php\/wp-json\/wp\/v2\/product_tag?post=259"}],"curies":[{"name":"wp","href":"https:\/\/api.w.org\/{rel}","templated":true}]}}