{"id":231,"date":"2026-01-04T16:09:27","date_gmt":"2026-01-04T15:09:27","guid":{"rendered":"https:\/\/happyhens.be\/?post_type=product&#038;p=231"},"modified":"2026-01-08T13:09:59","modified_gmt":"2026-01-08T12:09:59","slug":"pamplemousses-roses","status":"publish","type":"product","link":"https:\/\/happyhens.be\/index.php\/product\/pamplemousses-roses\/","title":{"rendered":"PAMPLEMOUSSES ROSES"},"content":{"rendered":"<p>Le pamplemousse est un fruit au go\u00fbt amer aussi bien dans la version jaune que rose (un peu plus sucr\u00e9e).<br \/>\nIl est id\u00e9al pour pr\u00e9parer un bon jus de fruit, seul ou m\u00e9lang\u00e9 \u00e0 d\u2019autres agrumes. On peut \u00e9galement le d\u00e9guster tel quel, en salade, ou bien dans des plats aux saveurs aigre douces.<br \/>\nLes pamplemousses jaunes sont plus pr\u00e9coces que les pamplemousses roses et contiennent, outre les vitamines des groupes A et B, une grande quantit\u00e9 de vitamine C, comme tous les agrumes. Ils sont riches en fibres, en sels min\u00e9raux et plus particuli\u00e8rement en potassium et en antioxydants. Ils sont aussi conseill\u00e9s dans les r\u00e9gimes amincissants pour leurs effets de br\u00fble-graisses et diur\u00e9tiques. Le pamplemousse est un fruit particuli\u00e8rement utile pour la d\u00e9sintoxication du foie, pour la r\u00e9duction du cholest\u00e9rol et sa teneur en lycop\u00e8ne, contenu dans sa la vari\u00e9t\u00e9 rose, pr\u00e9vient certaines tumeurs.<br \/>\nLes p\u00e9pins de pamplemousse permettent aussi de soigner certaines maladies infectieuses.<br \/>\nAttention, il a \u00e9t\u00e9 d\u00e9montr\u00e9 qu\u2019il peut interf\u00e9rer avec certains types de m\u00e9dicaments.<br \/>\nLes cultures de pamplemousse devraient \u00eatre \u00e9galement d\u00e9velopp\u00e9es au sein du Consortium.<br \/>\n<u>P\u00e9riode de r\u00e9colte :<\/u>\u00a0D\u00c9CEMBRE \u00e0 MAI<\/p>\n<p>&nbsp;<\/p>\n<p>Nos produits \u00e9tant fabriqu\u00e9s de mani\u00e8re artisanale et en petites quantit\u00e9s, ils peuvent subir de l\u00e9gers changements dans la recette ou au niveau de l\u2019emballage. La photo est purement indicative et ne peut refl\u00e9ter toutes les caract\u00e9ristiques du produit.<br \/>\nPour davantage d&#8217;informations sur ce produit, faire d\u00e9filer la page vers le bas.<\/p>\n","protected":false},"excerpt":{"rendered":"<h1>Origine Italie Cat. 2- caisse de 10 kg.<\/h1>\n","protected":false},"featured_media":233,"template":"","meta":[],"product_brand":[],"product_cat":[46],"product_tag":[],"class_list":{"0":"post-231","1":"product","2":"type-product","3":"status-publish","4":"has-post-thumbnail","6":"product_cat-agrumes","8":"first","9":"instock","10":"shipping-taxable","11":"purchasable","12":"product-type-variable"},"_links":{"self":[{"href":"https:\/\/happyhens.be\/index.php\/wp-json\/wp\/v2\/product\/231","targetHints":{"allow":["GET"]}}],"collection":[{"href":"https:\/\/happyhens.be\/index.php\/wp-json\/wp\/v2\/product"}],"about":[{"href":"https:\/\/happyhens.be\/index.php\/wp-json\/wp\/v2\/types\/product"}],"wp:featuredmedia":[{"embeddable":true,"href":"https:\/\/happyhens.be\/index.php\/wp-json\/wp\/v2\/media\/233"}],"wp:attachment":[{"href":"https:\/\/happyhens.be\/index.php\/wp-json\/wp\/v2\/media?parent=231"}],"wp:term":[{"taxonomy":"product_brand","embeddable":true,"href":"https:\/\/happyhens.be\/index.php\/wp-json\/wp\/v2\/product_brand?post=231"},{"taxonomy":"product_cat","embeddable":true,"href":"https:\/\/happyhens.be\/index.php\/wp-json\/wp\/v2\/product_cat?post=231"},{"taxonomy":"product_tag","embeddable":true,"href":"https:\/\/happyhens.be\/index.php\/wp-json\/wp\/v2\/product_tag?post=231"}],"curies":[{"name":"wp","href":"https:\/\/api.w.org\/{rel}","templated":true}]}}