{"id":228,"date":"2026-01-04T16:06:40","date_gmt":"2026-01-04T15:06:40","guid":{"rendered":"https:\/\/happyhens.be\/?post_type=product&#038;p=228"},"modified":"2026-01-08T13:08:47","modified_gmt":"2026-01-08T12:08:47","slug":"cedrats","status":"publish","type":"product","link":"https:\/\/happyhens.be\/index.php\/product\/cedrats\/","title":{"rendered":"CEDRATS"},"content":{"rendered":"<p>Le c\u00e9drat est un agrume originaire de l\u2019Inde et de la Birmanie. C\u2019est un fruit tr\u00e8s grand avec un aspect plut\u00f4t rond et globuleux, une peau jaune et tr\u00e8s \u00e9paisse qui peut \u00eatre r\u00e2p\u00e9e pour ar\u00f4matiser diff\u00e9rents mets sucr\u00e9s ou sal\u00e9s. Le fruit contient tr\u00e8s peu de pulpe et peut \u00eatre compl\u00e8tement priv\u00e9 de jus, tout comme il peut ne contenir aucun p\u00e9pin.<br \/>\nEn cuisine, on en consomme toutes les parties : on peut le d\u00e9guster tel quel, pour agr\u00e9menter des salades, pour confectionner des fruits confits, des confitures, des boissons d\u00e9salt\u00e9rantes comme la \u00ab cedrata \u00bb et pour la pr\u00e9paration de liqueurs.<br \/>\n<u>P\u00e9riode de r\u00e9colte<\/u>\u00a0: de D\u00c9CEMBRE \u00e0 AVRIL<\/p>\n<p>&nbsp;<\/p>\n<p>Nos produits \u00e9tant fabriqu\u00e9s de mani\u00e8re artisanale et en petites quantit\u00e9s, ils peuvent subir de l\u00e9gers changements dans la recette ou au niveau de l\u2019emballage. La photo est purement indicative et ne peut refl\u00e9ter toutes les caract\u00e9ristiques du produit.<br \/>\nPour davantage d&#8217;informations sur ce produit, faire d\u00e9filer la page vers le bas.<\/p>\n","protected":false},"excerpt":{"rendered":"<h1>Origine Italie cat\u00e9gorie II &#8211; citrons \u00e0 manger &#8211; caisse de 6 kg.<\/h1>\n","protected":false},"featured_media":230,"template":"","meta":[],"product_brand":[],"product_cat":[46],"product_tag":[],"class_list":{"0":"post-228","1":"product","2":"type-product","3":"status-publish","4":"has-post-thumbnail","6":"product_cat-agrumes","8":"first","9":"instock","10":"shipping-taxable","11":"purchasable","12":"product-type-variable"},"_links":{"self":[{"href":"https:\/\/happyhens.be\/index.php\/wp-json\/wp\/v2\/product\/228","targetHints":{"allow":["GET"]}}],"collection":[{"href":"https:\/\/happyhens.be\/index.php\/wp-json\/wp\/v2\/product"}],"about":[{"href":"https:\/\/happyhens.be\/index.php\/wp-json\/wp\/v2\/types\/product"}],"wp:featuredmedia":[{"embeddable":true,"href":"https:\/\/happyhens.be\/index.php\/wp-json\/wp\/v2\/media\/230"}],"wp:attachment":[{"href":"https:\/\/happyhens.be\/index.php\/wp-json\/wp\/v2\/media?parent=228"}],"wp:term":[{"taxonomy":"product_brand","embeddable":true,"href":"https:\/\/happyhens.be\/index.php\/wp-json\/wp\/v2\/product_brand?post=228"},{"taxonomy":"product_cat","embeddable":true,"href":"https:\/\/happyhens.be\/index.php\/wp-json\/wp\/v2\/product_cat?post=228"},{"taxonomy":"product_tag","embeddable":true,"href":"https:\/\/happyhens.be\/index.php\/wp-json\/wp\/v2\/product_tag?post=228"}],"curies":[{"name":"wp","href":"https:\/\/api.w.org\/{rel}","templated":true}]}}