{"id":224,"date":"2026-01-04T16:00:36","date_gmt":"2026-01-04T15:00:36","guid":{"rendered":"https:\/\/happyhens.be\/?post_type=product&#038;p=224"},"modified":"2026-01-08T13:08:15","modified_gmt":"2026-01-08T12:08:15","slug":"citrons","status":"publish","type":"product","link":"https:\/\/happyhens.be\/index.php\/product\/citrons\/","title":{"rendered":"CITRONS"},"content":{"rendered":"<p>Les citrons poss\u00e8dent de nombreuses propri\u00e9t\u00e9s. Ils contiennent en particulier beaucoup de vitamine C, qui agit dans l\u2019intestin et favorise la digestion. Ils peuvent \u00eatre utilis\u00e9s pour soigner les cheveux et les dents ; ils aident \u00e0 traiter les probl\u00e8mes respiratoires et peuvent aussi contribuer \u00e0 la perte de poids.<br \/>\nDe plus, ils parviennent \u00e0 combattre les radicaux libres et renforcent les vaisseaux sanguins.<br \/>\n<u>P\u00e9riode de r\u00e9colte<\/u>\u00a0: TOUTE L&#8217;ANN\u00c9E<\/p>\n<p>&nbsp;<\/p>\n<p>Nos produits \u00e9tant fabriqu\u00e9s de mani\u00e8re artisanale et en petites quantit\u00e9s, ils peuvent subir de l\u00e9gers changements dans la recette ou au niveau de l\u2019emballage. La photo est purement indicative et ne peut refl\u00e9ter toutes les caract\u00e9ristiques du produit.<br \/>\nPour davantage d&#8217;informations sur ce produit, faire d\u00e9filer la page vers le bas.<\/p>\n","protected":false},"excerpt":{"rendered":"<h1>Origine Italie Cat\u00e9gorie II Cal. 3\/4 &#8211; caisse de 6 kg<\/h1>\n","protected":false},"featured_media":227,"template":"","meta":[],"product_brand":[],"product_cat":[46],"product_tag":[],"class_list":{"0":"post-224","1":"product","2":"type-product","3":"status-publish","4":"has-post-thumbnail","6":"product_cat-agrumes","8":"first","9":"instock","10":"shipping-taxable","11":"purchasable","12":"product-type-variable"},"_links":{"self":[{"href":"https:\/\/happyhens.be\/index.php\/wp-json\/wp\/v2\/product\/224","targetHints":{"allow":["GET"]}}],"collection":[{"href":"https:\/\/happyhens.be\/index.php\/wp-json\/wp\/v2\/product"}],"about":[{"href":"https:\/\/happyhens.be\/index.php\/wp-json\/wp\/v2\/types\/product"}],"wp:featuredmedia":[{"embeddable":true,"href":"https:\/\/happyhens.be\/index.php\/wp-json\/wp\/v2\/media\/227"}],"wp:attachment":[{"href":"https:\/\/happyhens.be\/index.php\/wp-json\/wp\/v2\/media?parent=224"}],"wp:term":[{"taxonomy":"product_brand","embeddable":true,"href":"https:\/\/happyhens.be\/index.php\/wp-json\/wp\/v2\/product_brand?post=224"},{"taxonomy":"product_cat","embeddable":true,"href":"https:\/\/happyhens.be\/index.php\/wp-json\/wp\/v2\/product_cat?post=224"},{"taxonomy":"product_tag","embeddable":true,"href":"https:\/\/happyhens.be\/index.php\/wp-json\/wp\/v2\/product_tag?post=224"}],"curies":[{"name":"wp","href":"https:\/\/api.w.org\/{rel}","templated":true}]}}