{"id":218,"date":"2026-01-04T15:54:15","date_gmt":"2026-01-04T14:54:15","guid":{"rendered":"https:\/\/happyhens.be\/?post_type=product&#038;p=218"},"modified":"2026-01-04T15:54:15","modified_gmt":"2026-01-04T14:54:15","slug":"oranges-ameres","status":"publish","type":"product","link":"https:\/\/happyhens.be\/index.php\/product\/oranges-ameres\/","title":{"rendered":"ORANGES AMERES"},"content":{"rendered":"<p>Cette vari\u00e9t\u00e9 d\u2019orange &#8211; qui se diff\u00e9rencie des autres justement par son go\u00fbt amer &#8211; est une composante typique de beaucoup de produits cosm\u00e9tiques et phytoth\u00e9rapeutiques. Le fruit est souvent utilis\u00e9 en entier pour pr\u00e9parer de la confiture ou bien des fruits confits, alors que l\u2019\u00e9corce est plus utilis\u00e9e dans la pr\u00e9paration de liqueurs et est aussi pr\u00e9sente dans de nombreuses tisanes.<br \/>\nP\u00e9riode de r\u00e9colte : de JANVIER \u00e0 AVRIL<\/p>\n<p>&nbsp;<\/p>\n<p>Nos produits \u00e9tant fabriqu\u00e9s de mani\u00e8re artisanale et en petites quantit\u00e9s, ils peuvent subir de l\u00e9gers changements dans la recette ou au niveau de l\u2019emballage. La photo est purement indicative et ne peut refl\u00e9ter toutes les caract\u00e9ristiques du produit.<br \/>\nPour davantage d&#8217;informations sur ce produit, faire d\u00e9filer la page vers le bas.<\/p>\n","protected":false},"excerpt":{"rendered":"<h1>Origine Italie\u00a0 cat\u00e9gorie II Cal. 7\/8 &#8211; caisse de 5 kg.<\/h1>\n","protected":false},"featured_media":219,"template":"","meta":[],"product_brand":[],"product_cat":[46],"product_tag":[],"class_list":{"0":"post-218","1":"product","2":"type-product","3":"status-publish","4":"has-post-thumbnail","6":"product_cat-agrumes","8":"first","9":"instock","10":"shipping-taxable","11":"purchasable","12":"product-type-variable"},"_links":{"self":[{"href":"https:\/\/happyhens.be\/index.php\/wp-json\/wp\/v2\/product\/218","targetHints":{"allow":["GET"]}}],"collection":[{"href":"https:\/\/happyhens.be\/index.php\/wp-json\/wp\/v2\/product"}],"about":[{"href":"https:\/\/happyhens.be\/index.php\/wp-json\/wp\/v2\/types\/product"}],"wp:featuredmedia":[{"embeddable":true,"href":"https:\/\/happyhens.be\/index.php\/wp-json\/wp\/v2\/media\/219"}],"wp:attachment":[{"href":"https:\/\/happyhens.be\/index.php\/wp-json\/wp\/v2\/media?parent=218"}],"wp:term":[{"taxonomy":"product_brand","embeddable":true,"href":"https:\/\/happyhens.be\/index.php\/wp-json\/wp\/v2\/product_brand?post=218"},{"taxonomy":"product_cat","embeddable":true,"href":"https:\/\/happyhens.be\/index.php\/wp-json\/wp\/v2\/product_cat?post=218"},{"taxonomy":"product_tag","embeddable":true,"href":"https:\/\/happyhens.be\/index.php\/wp-json\/wp\/v2\/product_tag?post=218"}],"curies":[{"name":"wp","href":"https:\/\/api.w.org\/{rel}","templated":true}]}}