{"id":212,"date":"2026-01-04T15:45:51","date_gmt":"2026-01-04T14:45:51","guid":{"rendered":"https:\/\/happyhens.be\/?post_type=product&#038;p=212"},"modified":"2026-01-04T15:47:03","modified_gmt":"2026-01-04T14:47:03","slug":"oranges-tarocco","status":"publish","type":"product","link":"https:\/\/happyhens.be\/index.php\/product\/oranges-tarocco\/","title":{"rendered":"ORANGES TAROCCO"},"content":{"rendered":"<p>Il s\u2019agit, \u00e0 son origine, d\u2019une mutation naturelle de la Sanguinello.<br \/>\nOrange semi pigment\u00e9e (en d\u00e9cembre elle est encore claire, mais petit \u00e0 petit elle prend la coloration typique de l\u2019orange rouge sicilienne).<br \/>\nC&#8217;est l&#8217;orange la plus typique des terres autour de l\u2019Etna, au go\u00fbt fruit\u00e9 et tr\u00e8s typique d\u2019agrume par rapport aux pr\u00e9c\u00e9dentes. Elle est tr\u00e8s juteuse et poss\u00e8de \u00e9galement de tr\u00e8s importantes propri\u00e9t\u00e9s b\u00e9n\u00e9fiques. Il en existe beaucoup de sous-vari\u00e9t\u00e9s. Les exploitations du Consortium sont pauvres en vari\u00e9t\u00e9s tardives de Tarocco (qui sont des vari\u00e9t\u00e9s qui se sont d\u00e9velopp\u00e9es plus r\u00e9cemment). Les nouvelles plantations permettront de r\u00e9colter des Tarocco jusqu\u2019au printemps.<br \/>\nP\u00e9riode de r\u00e9colte :\u00a0 de D\u00c9CEMBRE \u00e0 MARS<\/p>\n<p>&nbsp;<\/p>\n<p>Nos produits \u00e9tant fabriqu\u00e9s de mani\u00e8re artisanale et en petites quantit\u00e9s, ils peuvent subir de l\u00e9gers changements dans la recette ou au niveau de l\u2019emballage. La photo est purement indicative et ne peut refl\u00e9ter toutes les caract\u00e9ristiques du produit.<br \/>\nPour davantage d&#8217;informations sur ce produit, faire d\u00e9filer la page vers le bas.<\/p>\n","protected":false},"excerpt":{"rendered":"<h1>Origine Italie cat\u00e9gorie II Cal. 6\/7 &#8211; caisse de 12 kg<\/h1>\n","protected":false},"featured_media":214,"template":"","meta":[],"product_brand":[],"product_cat":[46],"product_tag":[],"class_list":{"0":"post-212","1":"product","2":"type-product","3":"status-publish","4":"has-post-thumbnail","6":"product_cat-agrumes","8":"first","9":"instock","10":"shipping-taxable","11":"purchasable","12":"product-type-variable"},"_links":{"self":[{"href":"https:\/\/happyhens.be\/index.php\/wp-json\/wp\/v2\/product\/212","targetHints":{"allow":["GET"]}}],"collection":[{"href":"https:\/\/happyhens.be\/index.php\/wp-json\/wp\/v2\/product"}],"about":[{"href":"https:\/\/happyhens.be\/index.php\/wp-json\/wp\/v2\/types\/product"}],"wp:featuredmedia":[{"embeddable":true,"href":"https:\/\/happyhens.be\/index.php\/wp-json\/wp\/v2\/media\/214"}],"wp:attachment":[{"href":"https:\/\/happyhens.be\/index.php\/wp-json\/wp\/v2\/media?parent=212"}],"wp:term":[{"taxonomy":"product_brand","embeddable":true,"href":"https:\/\/happyhens.be\/index.php\/wp-json\/wp\/v2\/product_brand?post=212"},{"taxonomy":"product_cat","embeddable":true,"href":"https:\/\/happyhens.be\/index.php\/wp-json\/wp\/v2\/product_cat?post=212"},{"taxonomy":"product_tag","embeddable":true,"href":"https:\/\/happyhens.be\/index.php\/wp-json\/wp\/v2\/product_tag?post=212"}],"curies":[{"name":"wp","href":"https:\/\/api.w.org\/{rel}","templated":true}]}}